{"id":52592,"date":"2017-03-31T08:57:18","date_gmt":"2017-03-31T08:57:18","guid":{"rendered":"http:\/\/www.bainet.es\/?page_id=52592"},"modified":"2019-10-10T12:09:24","modified_gmt":"2019-10-10T10:09:24","slug":"legal-notice","status":"publish","type":"page","link":"http:\/\/www.bainet.es\/en\/legal-notice\/","title":{"rendered":"Privacy policy"},"content":{"rendered":"<div class=\"wpb-content-wrapper\"><p>[vc_row row_type=&#8221;row&#8221; use_row_as_full_screen_section=&#8221;no&#8221; type=&#8221;full_width&#8221; text_align=&#8221;left&#8221; video=&#8221;&#8221; css_animation=&#8221;&#8221; box_shadow_on_row=&#8221;no&#8221;][vc_column][vc_empty_space height=&#8221;50px&#8221; image_repeat=&#8221;no-repeat&#8221;][\/vc_column][\/vc_row][vc_row row_type=&#8221;row&#8221; use_row_as_full_screen_section=&#8221;no&#8221; type=&#8221;full_width&#8221; text_align=&#8221;left&#8221; video=&#8221;&#8221; css_animation=&#8221;&#8221; box_shadow_on_row=&#8221;no&#8221;][vc_column][vc_column_text]<\/p>\n<h2>Privacy policy<\/h2>\n<p>[\/vc_column_text][\/vc_column][\/vc_row][vc_row row_type=&#8221;row&#8221; use_row_as_full_screen_section=&#8221;no&#8221; type=&#8221;full_width&#8221; text_align=&#8221;left&#8221; video=&#8221;&#8221; css_animation=&#8221;&#8221; box_shadow_on_row=&#8221;no&#8221;][vc_column][vc_empty_space height=&#8221;50px&#8221; image_repeat=&#8221;no-repeat&#8221;][\/vc_column][\/vc_row][vc_row row_type=&#8221;row&#8221; use_row_as_full_screen_section=&#8221;no&#8221; type=&#8221;full_width&#8221; text_align=&#8221;left&#8221; video=&#8221;&#8221; css_animation=&#8221;&#8221; box_shadow_on_row=&#8221;no&#8221;][vc_column][vc_column_text]A trav\u00e9s del presente aviso,\u00a0<strong>BAINET MEDIA,<\/strong>\u00a0con domicilio social en Calle San Vicente 8, Bilbao, informa a los usuarios del site acerca de su POL\u00cdTICA DE PROTECCI\u00d3N DE DATOS DE CAR\u00c1CTER PERSONAL.<\/p>\n<p>En cumplimiento de la Ley 15\/1999, de 13 de diciembre, de Protecci\u00f3n de Datos de Car\u00e1cter Personal y considerando el art\u00edculo 59 del Reglamento Europeo 2016\/679 del Parlamento Europeo y del consejo de 27 de abril de 2016, se informa que los datos de car\u00e1cter personal que en su caso sean facilitados por los usuarios, se incluir\u00e1n en un fichero de datos personales cuyo responsable y titular es\u00a0<strong>BAINET MEDIA S.A.<\/strong>. Asimismo, en caso de rellenar cualquiera de los formularios con los datos personales en \u00e9l solicitados y aceptar su env\u00edo, AUTORIZA EXPRESAMENTE a\u00a0<strong>BAINET MEDIA<\/strong>\u00a0S.A. para que trate e incorpore en el fichero automatizado de su propiedad aquellos datos personales facilitados, as\u00ed como todos los datos que se generen en relaci\u00f3n con su participaci\u00f3n y\/o uso de los distintos servicios que se ofrecen o pudieran ofrecerse en esta site.<\/p>\n<p>Salvo que espec\u00edficamente se establezca lo contrario, se considerar\u00e1 necesario completar todos los datos de los campos de cada formulario, debiendo el usuario rellenar los formularios con datos verdaderos, exactos, completos y actualizados. El usuario ser\u00e1 responsable de la veracidad de los datos proporcionados, as\u00ed como de su actualizaci\u00f3n, en su caso, debiendo comunicar a\u00a0<strong>BAINET MEDIA S.A<\/strong>. cualquier modificaci\u00f3n en los mismos.<\/p>\n<p>Los datos facilitados nunca ser\u00e1n usados para finalidad distinta a la que a continuaci\u00f3n se describe, siendo inmediatamente cancelados cuando dejen de ser necesarios para tal fin.<\/p>\n<p>La recogida y tratamiento automatizado de los datos personales del usuario tiene como finalidad mantenerle puntualmente informado acerca de nuestros contenidos y productos, as\u00ed como de aquellas novedades en relaci\u00f3n con los mismos, permitir el env\u00edo, a su previa solicitud, de los materiales que se muestran en nuestra site y resolver sus dudas o atender sus comentarios, recabar su valoraci\u00f3n o opini\u00f3n acerca de los productos de BAINET MEDIA S.A.<\/p>\n<p>Toda la informaci\u00f3n relativa a Datos de Car\u00e1cter Personal recibida por\u00a0<strong>BAINET MEDIA S.A.<\/strong>\u00a0es tratada con la m\u00e1xima confidencialidad, respetando en todo momento el deber de secreto profesional. Los datos personales proporcionados en ning\u00fan caso ser\u00e1n cedidos a terceros.<\/p>\n<p><strong>BAINET MEDIA S.A.<\/strong>\u00a0ha adoptado los niveles de seguridad de protecci\u00f3n de Datos Personales legalmente requeridos, y ha instalado todos los medios y medidas t\u00e9cnicas a su alcance para evitar la p\u00e9rdida, mal uso, alteraci\u00f3n y acceso no autorizado a los Datos Personales facilitados.<\/p>\n<p>Mediante su aceptaci\u00f3n a la presente Pol\u00edtica de Privacidad, Vd. autoriza expresamente a\u00a0<strong>BAINET MEDIA S.A.<\/strong>, en virtud del art\u00edculo 21 de la Ley 34\/2002 de Servicios de la Sociedad de la Informaci\u00f3n y de Comercio Electr\u00f3nico (LSSI) para que le remita comunicaciones comerciales o publicitarias a trav\u00e9s del e-mail facilitado o de cualquier otro medio electr\u00f3nico equivalente, sin perjuicio de la posibilidad de revocaci\u00f3n de dicha autorizaci\u00f3n de forma gratuita y en cualquier momento mediante el env\u00edo de un mail a la siguiente direcci\u00f3n lopd@bainet.es.<\/p>\n<p>El usuario tiene derecho a acceder a la informaci\u00f3n que le concierne recopilada en los ficheros de\u00a0<strong>BAINET MEDIA S.A.<\/strong>, rectificarla de ser err\u00f3nea, cancelarla u oponerse a su tratamiento a trav\u00e9s del correo electr\u00f3nico lopd@bainet.es, o comunicaci\u00f3n escrita y firmada (adjuntando copia del DNI) dirigida al responsable del fichero, esto es, la sociedad\u00a0<strong>BAINET MEDIA S.A.<\/strong>, con domicilio social en San Vicente 8, Bilbao (Bizkaia).<\/p>\n<p>BAINET MEDIA S.A. se reserva el derecho a modificar su pol\u00edtica de protecci\u00f3n de datos de acuerdo a su criterio, o a causa de un cambio legislativo, jurisprudencial o en la pr\u00e1ctica empresarial. Si\u00a0<strong>BAINET MEDIA S.A<\/strong>. introdujera alguna modificaci\u00f3n, el nuevo texto ser\u00e1 publicado en este mismo site, donde el usuario podr\u00e1 tener conocimiento de la pol\u00edtica de protecci\u00f3n de datos. En cualquier caso, la relaci\u00f3n con los usuarios se regir\u00e1 por las normas previstas en el momento preciso en que se accede al site.[\/vc_column_text][vc_empty_space height=&#8221;150px&#8221; image_repeat=&#8221;no-repeat&#8221;][\/vc_column][\/vc_row]<\/p>\n<\/div>","protected":false},"excerpt":{"rendered":"<p>[vc_row row_type=&#8221;row&#8221; use_row_as_full_screen_section=&#8221;no&#8221; type=&#8221;full_width&#8221; text_align=&#8221;left&#8221; video=&#8221;&#8221; css_animation=&#8221;&#8221; box_shadow_on_row=&#8221;no&#8221;][vc_column][vc_empty_space height=&#8221;50px&#8221; image_repeat=&#8221;no-repeat&#8221;][\/vc_column][\/vc_row][vc_row row_type=&#8221;row&#8221; use_row_as_full_screen_section=&#8221;no&#8221; type=&#8221;full_width&#8221; text_align=&#8221;left&#8221; video=&#8221;&#8221; css_animation=&#8221;&#8221; box_shadow_on_row=&#8221;no&#8221;][vc_column][vc_column_text] Privacy policy [\/vc_column_text][\/vc_column][\/vc_row][vc_row row_type=&#8221;row&#8221; use_row_as_full_screen_section=&#8221;no&#8221; type=&#8221;full_width&#8221; text_align=&#8221;left&#8221; video=&#8221;&#8221; css_animation=&#8221;&#8221; box_shadow_on_row=&#8221;no&#8221;][vc_column][vc_empty_space height=&#8221;50px&#8221; image_repeat=&#8221;no-repeat&#8221;][\/vc_column][\/vc_row][vc_row row_type=&#8221;row&#8221; use_row_as_full_screen_section=&#8221;no&#8221; type=&#8221;full_width&#8221; text_align=&#8221;left&#8221; video=&#8221;&#8221; css_animation=&#8221;&#8221; box_shadow_on_row=&#8221;no&#8221;][vc_column][vc_column_text]A trav\u00e9s del presente aviso,\u00a0BAINET MEDIA,\u00a0con domicilio social en Calle&#8230;<\/p>\n","protected":false},"author":101011,"featured_media":0,"parent":0,"menu_order":0,"comment_status":"closed","ping_status":"closed","template":"","meta":{"footnotes":""},"class_list":["post-52592","page","type-page","status-publish","hentry"],"yoast_head":"<!-- This site is optimized with the Yoast SEO plugin v26.2 - https:\/\/yoast.com\/wordpress\/plugins\/seo\/ -->\n<title>Privacy policy - Bainet<\/title>\n<meta name=\"robots\" content=\"index, follow, max-snippet:-1, max-image-preview:large, max-video-preview:-1\" \/>\n<link rel=\"canonical\" href=\"https:\/\/www.bainet.es\/en\/legal-notice\/\" \/>\n<meta property=\"og:locale\" content=\"en_US\" \/>\n<meta property=\"og:type\" content=\"article\" \/>\n<meta property=\"og:title\" content=\"Privacy policy - Bainet\" \/>\n<meta property=\"og:description\" content=\"[vc_row row_type=&#8221;row&#8221; use_row_as_full_screen_section=&#8221;no&#8221; type=&#8221;full_width&#8221; text_align=&#8221;left&#8221; video=&#8221;&#8221; css_animation=&#8221;&#8221; box_shadow_on_row=&#8221;no&#8221;][vc_column][vc_empty_space height=&#8221;50px&#8221; image_repeat=&#8221;no-repeat&#8221;][\/vc_column][\/vc_row][vc_row row_type=&#8221;row&#8221; use_row_as_full_screen_section=&#8221;no&#8221; type=&#8221;full_width&#8221; text_align=&#8221;left&#8221; video=&#8221;&#8221; css_animation=&#8221;&#8221; box_shadow_on_row=&#8221;no&#8221;][vc_column][vc_column_text] Privacy policy [\/vc_column_text][\/vc_column][\/vc_row][vc_row row_type=&#8221;row&#8221; use_row_as_full_screen_section=&#8221;no&#8221; type=&#8221;full_width&#8221; text_align=&#8221;left&#8221; video=&#8221;&#8221; css_animation=&#8221;&#8221; box_shadow_on_row=&#8221;no&#8221;][vc_column][vc_empty_space height=&#8221;50px&#8221; image_repeat=&#8221;no-repeat&#8221;][\/vc_column][\/vc_row][vc_row row_type=&#8221;row&#8221; use_row_as_full_screen_section=&#8221;no&#8221; type=&#8221;full_width&#8221; text_align=&#8221;left&#8221; video=&#8221;&#8221; css_animation=&#8221;&#8221; box_shadow_on_row=&#8221;no&#8221;][vc_column][vc_column_text]A trav\u00e9s del presente aviso,\u00a0BAINET MEDIA,\u00a0con domicilio social en Calle...\" \/>\n<meta property=\"og:url\" content=\"https:\/\/www.bainet.es\/en\/legal-notice\/\" \/>\n<meta property=\"og:site_name\" content=\"Bainet\" \/>\n<meta property=\"article:modified_time\" content=\"2019-10-10T10:09:24+00:00\" \/>\n<meta name=\"twitter:card\" content=\"summary_large_image\" \/>\n<meta name=\"twitter:label1\" content=\"Est. reading time\" \/>\n\t<meta name=\"twitter:data1\" content=\"4 minutes\" \/>\n<script type=\"application\/ld+json\" class=\"yoast-schema-graph\">{\"@context\":\"https:\/\/schema.org\",\"@graph\":[{\"@type\":\"WebPage\",\"@id\":\"https:\/\/www.bainet.es\/en\/legal-notice\/\",\"url\":\"https:\/\/www.bainet.es\/en\/legal-notice\/\",\"name\":\"Privacy policy - Bainet\",\"isPartOf\":{\"@id\":\"https:\/\/www.bainet.es\/#website\"},\"datePublished\":\"2017-03-31T08:57:18+00:00\",\"dateModified\":\"2019-10-10T10:09:24+00:00\",\"breadcrumb\":{\"@id\":\"https:\/\/www.bainet.es\/en\/legal-notice\/#breadcrumb\"},\"inLanguage\":\"en-US\",\"potentialAction\":[{\"@type\":\"ReadAction\",\"target\":[\"https:\/\/www.bainet.es\/en\/legal-notice\/\"]}]},{\"@type\":\"BreadcrumbList\",\"@id\":\"https:\/\/www.bainet.es\/en\/legal-notice\/#breadcrumb\",\"itemListElement\":[{\"@type\":\"ListItem\",\"position\":1,\"name\":\"Portada\",\"item\":\"http:\/\/www.bainet.es\/en\/\"},{\"@type\":\"ListItem\",\"position\":2,\"name\":\"Privacy policy\"}]},{\"@type\":\"WebSite\",\"@id\":\"https:\/\/www.bainet.es\/#website\",\"url\":\"https:\/\/www.bainet.es\/\",\"name\":\"Bainet\",\"description\":\"Grupo Bainet\",\"publisher\":{\"@id\":\"https:\/\/www.bainet.es\/#organization\"},\"potentialAction\":[{\"@type\":\"SearchAction\",\"target\":{\"@type\":\"EntryPoint\",\"urlTemplate\":\"https:\/\/www.bainet.es\/?s={search_term_string}\"},\"query-input\":{\"@type\":\"PropertyValueSpecification\",\"valueRequired\":true,\"valueName\":\"search_term_string\"}}],\"inLanguage\":\"en-US\"},{\"@type\":\"Organization\",\"@id\":\"https:\/\/www.bainet.es\/#organization\",\"name\":\"Bainet\",\"url\":\"https:\/\/www.bainet.es\/\",\"logo\":{\"@type\":\"ImageObject\",\"inLanguage\":\"en-US\",\"@id\":\"https:\/\/www.bainet.es\/#\/schema\/logo\/image\/\",\"url\":\"https:\/\/www.bainet.es\/wp-content\/uploads\/2016\/10\/cropped-identidad-grupo-bainet.png\",\"contentUrl\":\"https:\/\/www.bainet.es\/wp-content\/uploads\/2016\/10\/cropped-identidad-grupo-bainet.png\",\"width\":512,\"height\":512,\"caption\":\"Bainet\"},\"image\":{\"@id\":\"https:\/\/www.bainet.es\/#\/schema\/logo\/image\/\"}}]}<\/script>\n<!-- \/ Yoast SEO plugin. -->","yoast_head_json":{"title":"Privacy policy - Bainet","robots":{"index":"index","follow":"follow","max-snippet":"max-snippet:-1","max-image-preview":"max-image-preview:large","max-video-preview":"max-video-preview:-1"},"canonical":"https:\/\/www.bainet.es\/en\/legal-notice\/","og_locale":"en_US","og_type":"article","og_title":"Privacy policy - Bainet","og_description":"[vc_row row_type=&#8221;row&#8221; use_row_as_full_screen_section=&#8221;no&#8221; type=&#8221;full_width&#8221; text_align=&#8221;left&#8221; video=&#8221;&#8221; css_animation=&#8221;&#8221; box_shadow_on_row=&#8221;no&#8221;][vc_column][vc_empty_space height=&#8221;50px&#8221; image_repeat=&#8221;no-repeat&#8221;][\/vc_column][\/vc_row][vc_row row_type=&#8221;row&#8221; use_row_as_full_screen_section=&#8221;no&#8221; type=&#8221;full_width&#8221; text_align=&#8221;left&#8221; video=&#8221;&#8221; css_animation=&#8221;&#8221; box_shadow_on_row=&#8221;no&#8221;][vc_column][vc_column_text] Privacy policy [\/vc_column_text][\/vc_column][\/vc_row][vc_row row_type=&#8221;row&#8221; use_row_as_full_screen_section=&#8221;no&#8221; type=&#8221;full_width&#8221; text_align=&#8221;left&#8221; video=&#8221;&#8221; css_animation=&#8221;&#8221; box_shadow_on_row=&#8221;no&#8221;][vc_column][vc_empty_space height=&#8221;50px&#8221; image_repeat=&#8221;no-repeat&#8221;][\/vc_column][\/vc_row][vc_row row_type=&#8221;row&#8221; use_row_as_full_screen_section=&#8221;no&#8221; type=&#8221;full_width&#8221; text_align=&#8221;left&#8221; video=&#8221;&#8221; css_animation=&#8221;&#8221; box_shadow_on_row=&#8221;no&#8221;][vc_column][vc_column_text]A trav\u00e9s del presente aviso,\u00a0BAINET MEDIA,\u00a0con domicilio social en Calle...","og_url":"https:\/\/www.bainet.es\/en\/legal-notice\/","og_site_name":"Bainet","article_modified_time":"2019-10-10T10:09:24+00:00","twitter_card":"summary_large_image","twitter_misc":{"Est. reading time":"4 minutes"},"schema":{"@context":"https:\/\/schema.org","@graph":[{"@type":"WebPage","@id":"https:\/\/www.bainet.es\/en\/legal-notice\/","url":"https:\/\/www.bainet.es\/en\/legal-notice\/","name":"Privacy policy - Bainet","isPartOf":{"@id":"https:\/\/www.bainet.es\/#website"},"datePublished":"2017-03-31T08:57:18+00:00","dateModified":"2019-10-10T10:09:24+00:00","breadcrumb":{"@id":"https:\/\/www.bainet.es\/en\/legal-notice\/#breadcrumb"},"inLanguage":"en-US","potentialAction":[{"@type":"ReadAction","target":["https:\/\/www.bainet.es\/en\/legal-notice\/"]}]},{"@type":"BreadcrumbList","@id":"https:\/\/www.bainet.es\/en\/legal-notice\/#breadcrumb","itemListElement":[{"@type":"ListItem","position":1,"name":"Portada","item":"http:\/\/www.bainet.es\/en\/"},{"@type":"ListItem","position":2,"name":"Privacy policy"}]},{"@type":"WebSite","@id":"https:\/\/www.bainet.es\/#website","url":"https:\/\/www.bainet.es\/","name":"Bainet","description":"Grupo Bainet","publisher":{"@id":"https:\/\/www.bainet.es\/#organization"},"potentialAction":[{"@type":"SearchAction","target":{"@type":"EntryPoint","urlTemplate":"https:\/\/www.bainet.es\/?s={search_term_string}"},"query-input":{"@type":"PropertyValueSpecification","valueRequired":true,"valueName":"search_term_string"}}],"inLanguage":"en-US"},{"@type":"Organization","@id":"https:\/\/www.bainet.es\/#organization","name":"Bainet","url":"https:\/\/www.bainet.es\/","logo":{"@type":"ImageObject","inLanguage":"en-US","@id":"https:\/\/www.bainet.es\/#\/schema\/logo\/image\/","url":"https:\/\/www.bainet.es\/wp-content\/uploads\/2016\/10\/cropped-identidad-grupo-bainet.png","contentUrl":"https:\/\/www.bainet.es\/wp-content\/uploads\/2016\/10\/cropped-identidad-grupo-bainet.png","width":512,"height":512,"caption":"Bainet"},"image":{"@id":"https:\/\/www.bainet.es\/#\/schema\/logo\/image\/"}}]}},"_links":{"self":[{"href":"http:\/\/www.bainet.es\/en\/wp-json\/wp\/v2\/pages\/52592","targetHints":{"allow":["GET"]}}],"collection":[{"href":"http:\/\/www.bainet.es\/en\/wp-json\/wp\/v2\/pages"}],"about":[{"href":"http:\/\/www.bainet.es\/en\/wp-json\/wp\/v2\/types\/page"}],"author":[{"embeddable":true,"href":"http:\/\/www.bainet.es\/en\/wp-json\/wp\/v2\/users\/101011"}],"replies":[{"embeddable":true,"href":"http:\/\/www.bainet.es\/en\/wp-json\/wp\/v2\/comments?post=52592"}],"version-history":[{"count":5,"href":"http:\/\/www.bainet.es\/en\/wp-json\/wp\/v2\/pages\/52592\/revisions"}],"predecessor-version":[{"id":54269,"href":"http:\/\/www.bainet.es\/en\/wp-json\/wp\/v2\/pages\/52592\/revisions\/54269"}],"wp:attachment":[{"href":"http:\/\/www.bainet.es\/en\/wp-json\/wp\/v2\/media?parent=52592"}],"curies":[{"name":"wp","href":"https:\/\/api.w.org\/{rel}","templated":true}]}}