{"id":53049,"date":"2015-03-02T13:04:33","date_gmt":"2015-03-02T13:04:33","guid":{"rendered":"http:\/\/www.bainet.es\/home\/"},"modified":"2018-03-15T07:50:32","modified_gmt":"2018-03-15T07:50:32","slug":"home","status":"publish","type":"page","link":"https:\/\/www.bainet.es\/eu\/","title":{"rendered":"Sarrera"},"content":{"rendered":"<div class=\"wpb-content-wrapper\"><p>[vc_row row_type=&#8221;row&#8221; use_row_as_full_screen_section=&#8221;no&#8221; type=&#8221;full_width&#8221; text_align=&#8221;left&#8221; video=&#8221;&#8221; css_animation=&#8221;&#8221; box_shadow_on_row=&#8221;no&#8221;][vc_column offset=&#8221;vc_hidden-md vc_hidden-sm vc_hidden-xs&#8221;][layerslider_vc id=&#8221;16&#8243;][\/vc_column][\/vc_row][vc_row row_type=&#8221;row&#8221; use_row_as_full_screen_section=&#8221;no&#8221; type=&#8221;full_width&#8221; text_align=&#8221;left&#8221; video=&#8221;&#8221; css_animation=&#8221;&#8221; box_shadow_on_row=&#8221;no&#8221;][vc_column offset=&#8221;vc_hidden-lg&#8221; css=&#8221;.vc_custom_1491186541114{background-color: #ffffff !important;}&#8221;][vc_video link=&#8221;https:\/\/vimeo.com\/200661287&#8243;][\/vc_column][\/vc_row][vc_row row_type=&#8221;row&#8221; use_row_as_full_screen_section=&#8221;no&#8221; type=&#8221;grid&#8221; text_align=&#8221;left&#8221; video=&#8221;&#8221; css_animation=&#8221;&#8221; box_shadow_on_row=&#8221;no&#8221; oblique_section=&#8221;no&#8221; oblique_section_top_and_bottom=&#8221;both&#8221; oblique_section_position=&#8221;from_left_to_right&#8221; triangle_shape=&#8221;no&#8221; triangle_shape_position=&#8221;both&#8221;][vc_column offset=&#8221;vc_hidden-sm vc_hidden-xs&#8221;][vc_empty_space height=&#8221;60px&#8221; image_repeat=&#8221;no-repeat&#8221;][vc_column_text]<\/p>\n<h3 style=\"text-align: center;\"><span style=\"font-size: 24pt;\"><strong>Ongi Etorriak<\/strong><\/span><\/h3>\n<p>[\/vc_column_text][vc_separator type=&#8221;normal&#8221; border_style=&#8221;solid&#8221;][vc_row_inner row_type=&#8221;row&#8221; type=&#8221;full_width&#8221; use_row_as_full_screen_section_slide=&#8221;no&#8221; text_align=&#8221;left&#8221; css_animation=&#8221;&#8221; box_shadow_on_row=&#8221;no&#8221;][vc_column_inner width=&#8221;1\/2&#8243; css=&#8221;.vc_custom_1490014304149{padding-top: 50px !important;padding-right: 50px !important;}&#8221;][vc_column_text css=&#8221;.vc_custom_1491320335704{padding-right: 0px !important;padding-left: 0px !important;}&#8221;]<\/p>\n<p style=\"text-align: justify;\"><strong>Bainet<\/strong> Taldea 1992an sortu zen eta gaur egun, komunikazio talde garrantzitsu bat da. Bere egoitza nagusia Bilbon dago eta delegazio bi ditu, bata Aian (Gipuzkoa) eta bestea Madrilen.<br \/>\nTeknologia berriak, merkatuak eskeintzen dituen aukera eta oportunitateak atzeman eta baliatzen ditugu. Badakigu berrikuntza, kalitate aparta, eta gure profesionalen talentua direla gure arrakastaren giltza.<br \/>\n<strong>Bainet<\/strong> taldeak komunikazio arloko aktibitate ezberdinak jorratzen ditu. Zine eta telebista arloak garrantzitsuenak badira ere, internet eta plataforma berrietarako edukiak ere sortzen ditu.<\/p>\n<p>[\/vc_column_text][\/vc_column_inner][vc_column_inner width=&#8221;1\/2&#8243; offset=&#8221;vc_hidden-md vc_hidden-sm vc_hidden-xs&#8221;][vc_video link=&#8221;https:\/\/vimeo.com\/200661287&#8243; css=&#8221;.vc_custom_1490014321252{padding-top: 50px !important;}&#8221;][\/vc_column_inner][\/vc_row_inner][vc_row_inner row_type=&#8221;row&#8221; type=&#8221;full_width&#8221; use_row_as_full_screen_section_slide=&#8221;no&#8221; text_align=&#8221;left&#8221; css_animation=&#8221;&#8221; box_shadow_on_row=&#8221;no&#8221;][vc_column_inner][vc_empty_space height=&#8221;200px&#8221; image_repeat=&#8221;no-repeat&#8221;][\/vc_column_inner][\/vc_row_inner][\/vc_column][\/vc_row][vc_row row_type=&#8221;row&#8221; use_row_as_full_screen_section=&#8221;no&#8221; type=&#8221;grid&#8221; text_align=&#8221;left&#8221; video=&#8221;&#8221; css_animation=&#8221;&#8221; box_shadow_on_row=&#8221;no&#8221; oblique_section=&#8221;no&#8221; oblique_section_top_and_bottom=&#8221;both&#8221; oblique_section_position=&#8221;from_left_to_right&#8221; triangle_shape=&#8221;no&#8221; triangle_shape_position=&#8221;both&#8221;][vc_column offset=&#8221;vc_hidden-lg vc_hidden-md&#8221;][vc_empty_space height=&#8221;40px&#8221; image_repeat=&#8221;no-repeat&#8221;][vc_column_text]<\/p>\n<h3 style=\"text-align: center;\"><span style=\"font-size: 24pt;\"><strong>Ongi etorriak<\/strong><\/span><\/h3>\n<p>[\/vc_column_text][vc_separator type=&#8221;normal&#8221; border_style=&#8221;solid&#8221;][vc_row_inner row_type=&#8221;row&#8221; type=&#8221;full_width&#8221; use_row_as_full_screen_section_slide=&#8221;no&#8221; text_align=&#8221;left&#8221; css_animation=&#8221;&#8221; box_shadow_on_row=&#8221;no&#8221;][vc_column_inner css=&#8221;.vc_custom_1491036472500{padding-top: 30px !important;}&#8221;][vc_column_text css=&#8221;.vc_custom_1491036801721{padding-right: 0px !important;padding-left: 0px !important;}&#8221;]<\/p>\n<p style=\"text-align: justify;\"><strong>Bainet<\/strong> Taldea 1992an sortu zen eta gaur egun, komunikazio talde garrantzitsu bat da. Bere egoitza nagusia Bilbon dago eta delegazio bi ditu, bata Aian (Gipuzkoa) eta bestea Madrilen.<br \/>\nTeknologia berriak, merkatuak eskeintzen dituen aukera eta oportunitateak atzeman eta baliatzen ditugu. Badakigu berrikuntza, kalitate aparta, eta gure profesionalen talentua direla gure arrakastaren giltza.<br \/>\n<strong>Bainet<\/strong> taldeak komunikazio arloko aktibitate ezberdinak jorratzen ditu. Zine eta telebista arloak garrantzitsuenak badira ere, internet eta plataforma berrietarako edukiak ere sortzen ditu.<\/p>\n<p>[\/vc_column_text][\/vc_column_inner][\/vc_row_inner][vc_row_inner row_type=&#8221;row&#8221; type=&#8221;full_width&#8221; use_row_as_full_screen_section_slide=&#8221;no&#8221; text_align=&#8221;left&#8221; css_animation=&#8221;&#8221; box_shadow_on_row=&#8221;no&#8221;][vc_column_inner][vc_empty_space height=&#8221;200px&#8221; image_repeat=&#8221;no-repeat&#8221;][\/vc_column_inner][\/vc_row_inner][\/vc_column][\/vc_row]<\/p>\n<\/div>","protected":false},"excerpt":{"rendered":"<p>[vc_row row_type=&#8221;row&#8221; use_row_as_full_screen_section=&#8221;no&#8221; type=&#8221;full_width&#8221; text_align=&#8221;left&#8221; video=&#8221;&#8221; css_animation=&#8221;&#8221; box_shadow_on_row=&#8221;no&#8221;][vc_column offset=&#8221;vc_hidden-md vc_hidden-sm vc_hidden-xs&#8221;][layerslider_vc id=&#8221;16&#8243;][\/vc_column][\/vc_row][vc_row row_type=&#8221;row&#8221; use_row_as_full_screen_section=&#8221;no&#8221; type=&#8221;full_width&#8221; text_align=&#8221;left&#8221; video=&#8221;&#8221; css_animation=&#8221;&#8221; box_shadow_on_row=&#8221;no&#8221;][vc_column offset=&#8221;vc_hidden-lg&#8221; css=&#8221;.vc_custom_1491186541114{background-color: #ffffff !important;}&#8221;][vc_video link=&#8221;https:\/\/vimeo.com\/200661287&#8243;][\/vc_column][\/vc_row][vc_row row_type=&#8221;row&#8221; use_row_as_full_screen_section=&#8221;no&#8221; type=&#8221;grid&#8221; text_align=&#8221;left&#8221; video=&#8221;&#8221; css_animation=&#8221;&#8221; box_shadow_on_row=&#8221;no&#8221; oblique_section=&#8221;no&#8221; oblique_section_top_and_bottom=&#8221;both&#8221; oblique_section_position=&#8221;from_left_to_right&#8221; triangle_shape=&#8221;no&#8221; triangle_shape_position=&#8221;both&#8221;][vc_column offset=&#8221;vc_hidden-sm vc_hidden-xs&#8221;][vc_empty_space height=&#8221;60px&#8221; image_repeat=&#8221;no-repeat&#8221;][vc_column_text] Ongi Etorriak [\/vc_column_text][vc_separator type=&#8221;normal&#8221; border_style=&#8221;solid&#8221;][vc_row_inner&#8230;<\/p>\n","protected":false},"author":101011,"featured_media":0,"parent":0,"menu_order":0,"comment_status":"open","ping_status":"open","template":"full_width.php","meta":{"footnotes":""},"class_list":["post-53049","page","type-page","status-publish","hentry"],"yoast_head":"<!-- This site is optimized with the Yoast SEO plugin v26.2 - https:\/\/yoast.com\/wordpress\/plugins\/seo\/ -->\n<title>Grupo Bainet - Producci\u00f3n Cine y Televisi\u00f3n - Generaci\u00f3n de contenidos<\/title>\n<meta name=\"description\" content=\"Grupo Bainet: Producci\u00f3n para cine y televisi\u00f3n. Generaci\u00f3n de contenidos para internet y nuevas plataformas. Edici\u00f3n de libros de cocina y del hogar.\" \/>\n<meta name=\"robots\" content=\"index, follow, max-snippet:-1, max-image-preview:large, max-video-preview:-1\" \/>\n<link rel=\"canonical\" href=\"https:\/\/www.bainet.es\/eu\/\" \/>\n<meta property=\"og:locale\" content=\"eu_ES\" \/>\n<meta property=\"og:type\" content=\"article\" \/>\n<meta property=\"og:title\" content=\"Grupo Bainet - Producci\u00f3n Cine y Televisi\u00f3n - Generaci\u00f3n de contenidos\" \/>\n<meta property=\"og:description\" content=\"Grupo Bainet: Producci\u00f3n para cine y televisi\u00f3n. Generaci\u00f3n de contenidos para internet y nuevas plataformas. Edici\u00f3n de libros de cocina y del hogar.\" \/>\n<meta property=\"og:url\" content=\"https:\/\/www.bainet.es\/eu\/\" \/>\n<meta property=\"og:site_name\" content=\"Bainet\" \/>\n<meta property=\"article:modified_time\" content=\"2018-03-15T07:50:32+00:00\" \/>\n<meta name=\"twitter:card\" content=\"summary_large_image\" \/>\n<meta name=\"twitter:label1\" content=\"Est. reading time\" \/>\n\t<meta name=\"twitter:data1\" content=\"3 minutes\" \/>\n<script type=\"application\/ld+json\" class=\"yoast-schema-graph\">{\"@context\":\"https:\/\/schema.org\",\"@graph\":[{\"@type\":\"WebPage\",\"@id\":\"https:\/\/www.bainet.es\/eu\/\",\"url\":\"https:\/\/www.bainet.es\/eu\/\",\"name\":\"Grupo Bainet - Producci\u00f3n Cine y Televisi\u00f3n - Generaci\u00f3n de contenidos\",\"isPartOf\":{\"@id\":\"https:\/\/www.bainet.es\/#website\"},\"datePublished\":\"2015-03-02T13:04:33+00:00\",\"dateModified\":\"2018-03-15T07:50:32+00:00\",\"description\":\"Grupo Bainet: Producci\u00f3n para cine y televisi\u00f3n. Generaci\u00f3n de contenidos para internet y nuevas plataformas. Edici\u00f3n de libros de cocina y del hogar.\",\"breadcrumb\":{\"@id\":\"https:\/\/www.bainet.es\/eu\/#breadcrumb\"},\"inLanguage\":\"eu-ES\",\"potentialAction\":[{\"@type\":\"ReadAction\",\"target\":[\"https:\/\/www.bainet.es\/eu\/\"]}]},{\"@type\":\"BreadcrumbList\",\"@id\":\"https:\/\/www.bainet.es\/eu\/#breadcrumb\",\"itemListElement\":[{\"@type\":\"ListItem\",\"position\":1,\"name\":\"Portada\",\"item\":\"https:\/\/www.bainet.es\/eu\/\"},{\"@type\":\"ListItem\",\"position\":2,\"name\":\"Sarrera\"}]},{\"@type\":\"WebSite\",\"@id\":\"https:\/\/www.bainet.es\/#website\",\"url\":\"https:\/\/www.bainet.es\/\",\"name\":\"Bainet\",\"description\":\"Grupo Bainet\",\"publisher\":{\"@id\":\"https:\/\/www.bainet.es\/#organization\"},\"potentialAction\":[{\"@type\":\"SearchAction\",\"target\":{\"@type\":\"EntryPoint\",\"urlTemplate\":\"https:\/\/www.bainet.es\/?s={search_term_string}\"},\"query-input\":{\"@type\":\"PropertyValueSpecification\",\"valueRequired\":true,\"valueName\":\"search_term_string\"}}],\"inLanguage\":\"eu-ES\"},{\"@type\":\"Organization\",\"@id\":\"https:\/\/www.bainet.es\/#organization\",\"name\":\"Bainet\",\"url\":\"https:\/\/www.bainet.es\/\",\"logo\":{\"@type\":\"ImageObject\",\"inLanguage\":\"eu-ES\",\"@id\":\"https:\/\/www.bainet.es\/#\/schema\/logo\/image\/\",\"url\":\"https:\/\/www.bainet.es\/wp-content\/uploads\/2016\/10\/cropped-identidad-grupo-bainet.png\",\"contentUrl\":\"https:\/\/www.bainet.es\/wp-content\/uploads\/2016\/10\/cropped-identidad-grupo-bainet.png\",\"width\":512,\"height\":512,\"caption\":\"Bainet\"},\"image\":{\"@id\":\"https:\/\/www.bainet.es\/#\/schema\/logo\/image\/\"}}]}<\/script>\n<!-- \/ Yoast SEO plugin. -->","yoast_head_json":{"title":"Grupo Bainet - Producci\u00f3n Cine y Televisi\u00f3n - Generaci\u00f3n de contenidos","description":"Grupo Bainet: Producci\u00f3n para cine y televisi\u00f3n. Generaci\u00f3n de contenidos para internet y nuevas plataformas. Edici\u00f3n de libros de cocina y del hogar.","robots":{"index":"index","follow":"follow","max-snippet":"max-snippet:-1","max-image-preview":"max-image-preview:large","max-video-preview":"max-video-preview:-1"},"canonical":"https:\/\/www.bainet.es\/eu\/","og_locale":"eu_ES","og_type":"article","og_title":"Grupo Bainet - Producci\u00f3n Cine y Televisi\u00f3n - Generaci\u00f3n de contenidos","og_description":"Grupo Bainet: Producci\u00f3n para cine y televisi\u00f3n. Generaci\u00f3n de contenidos para internet y nuevas plataformas. Edici\u00f3n de libros de cocina y del hogar.","og_url":"https:\/\/www.bainet.es\/eu\/","og_site_name":"Bainet","article_modified_time":"2018-03-15T07:50:32+00:00","twitter_card":"summary_large_image","twitter_misc":{"Est. reading time":"3 minutes"},"schema":{"@context":"https:\/\/schema.org","@graph":[{"@type":"WebPage","@id":"https:\/\/www.bainet.es\/eu\/","url":"https:\/\/www.bainet.es\/eu\/","name":"Grupo Bainet - Producci\u00f3n Cine y Televisi\u00f3n - Generaci\u00f3n de contenidos","isPartOf":{"@id":"https:\/\/www.bainet.es\/#website"},"datePublished":"2015-03-02T13:04:33+00:00","dateModified":"2018-03-15T07:50:32+00:00","description":"Grupo Bainet: Producci\u00f3n para cine y televisi\u00f3n. Generaci\u00f3n de contenidos para internet y nuevas plataformas. Edici\u00f3n de libros de cocina y del hogar.","breadcrumb":{"@id":"https:\/\/www.bainet.es\/eu\/#breadcrumb"},"inLanguage":"eu-ES","potentialAction":[{"@type":"ReadAction","target":["https:\/\/www.bainet.es\/eu\/"]}]},{"@type":"BreadcrumbList","@id":"https:\/\/www.bainet.es\/eu\/#breadcrumb","itemListElement":[{"@type":"ListItem","position":1,"name":"Portada","item":"https:\/\/www.bainet.es\/eu\/"},{"@type":"ListItem","position":2,"name":"Sarrera"}]},{"@type":"WebSite","@id":"https:\/\/www.bainet.es\/#website","url":"https:\/\/www.bainet.es\/","name":"Bainet","description":"Grupo Bainet","publisher":{"@id":"https:\/\/www.bainet.es\/#organization"},"potentialAction":[{"@type":"SearchAction","target":{"@type":"EntryPoint","urlTemplate":"https:\/\/www.bainet.es\/?s={search_term_string}"},"query-input":{"@type":"PropertyValueSpecification","valueRequired":true,"valueName":"search_term_string"}}],"inLanguage":"eu-ES"},{"@type":"Organization","@id":"https:\/\/www.bainet.es\/#organization","name":"Bainet","url":"https:\/\/www.bainet.es\/","logo":{"@type":"ImageObject","inLanguage":"eu-ES","@id":"https:\/\/www.bainet.es\/#\/schema\/logo\/image\/","url":"https:\/\/www.bainet.es\/wp-content\/uploads\/2016\/10\/cropped-identidad-grupo-bainet.png","contentUrl":"https:\/\/www.bainet.es\/wp-content\/uploads\/2016\/10\/cropped-identidad-grupo-bainet.png","width":512,"height":512,"caption":"Bainet"},"image":{"@id":"https:\/\/www.bainet.es\/#\/schema\/logo\/image\/"}}]}},"_links":{"self":[{"href":"https:\/\/www.bainet.es\/eu\/wp-json\/wp\/v2\/pages\/53049","targetHints":{"allow":["GET"]}}],"collection":[{"href":"https:\/\/www.bainet.es\/eu\/wp-json\/wp\/v2\/pages"}],"about":[{"href":"https:\/\/www.bainet.es\/eu\/wp-json\/wp\/v2\/types\/page"}],"author":[{"embeddable":true,"href":"https:\/\/www.bainet.es\/eu\/wp-json\/wp\/v2\/users\/101011"}],"replies":[{"embeddable":true,"href":"https:\/\/www.bainet.es\/eu\/wp-json\/wp\/v2\/comments?post=53049"}],"version-history":[{"count":5,"href":"https:\/\/www.bainet.es\/eu\/wp-json\/wp\/v2\/pages\/53049\/revisions"}],"predecessor-version":[{"id":53128,"href":"https:\/\/www.bainet.es\/eu\/wp-json\/wp\/v2\/pages\/53049\/revisions\/53128"}],"wp:attachment":[{"href":"https:\/\/www.bainet.es\/eu\/wp-json\/wp\/v2\/media?parent=53049"}],"curies":[{"name":"wp","href":"https:\/\/api.w.org\/{rel}","templated":true}]}}